{"id":7690,"date":"2024-03-20T09:00:14","date_gmt":"2024-03-20T14:00:14","guid":{"rendered":"https:\/\/vitamines.staging.agencealto.ca\/vitamines\/blog\/"},"modified":"2026-03-26T14:33:53","modified_gmt":"2026-03-26T19:33:53","slug":"blog","status":"publish","type":"page","link":"https:\/\/vosoreilles.com\/en\/blog\/","title":{"rendered":"Blog"},"content":{"rendered":"\t\t<div data-elementor-type=\"wp-page\" data-elementor-id=\"7690\" class=\"elementor elementor-7690 elementor-1629\" data-elementor-post-type=\"page\">\n\t\t\t\t\t\t<section class=\"elementor-section elementor-top-section elementor-element elementor-element-3fce170 elementor-hidden-mobile elementor-section-boxed elementor-section-height-default elementor-section-height-default\" data-id=\"3fce170\" data-element_type=\"section\" data-e-type=\"section\">\n\t\t\t\t\t\t<div class=\"elementor-container elementor-column-gap-default\">\n\t\t\t\t\t<div class=\"elementor-column elementor-col-100 elementor-top-column elementor-element elementor-element-a7e17c1\" data-id=\"a7e17c1\" data-element_type=\"column\" data-e-type=\"column\">\n\t\t\t<div class=\"elementor-widget-wrap elementor-element-populated\">\n\t\t\t\t\t\t<div class=\"elementor-element elementor-element-25e7f97 elementor-widget elementor-widget-image\" data-id=\"25e7f97\" data-element_type=\"widget\" data-e-type=\"widget\" data-widget_type=\"image.default\">\n\t\t\t\t<div class=\"elementor-widget-container\">\n\t\t\t\t\t\t\t\t\t\t\t\t\t\t\t<img fetchpriority=\"high\" decoding=\"async\" width=\"1488\" height=\"196\" src=\"https:\/\/vosoreilles.com\/wp-content\/uploads\/2025\/07\/depistage_auditif_background.png\" class=\"attachment-full size-full wp-image-6978\" alt=\"D\u00e9pistage auditif background\" srcset=\"https:\/\/vosoreilles.com\/wp-content\/uploads\/2025\/07\/depistage_auditif_background.png 1488w, https:\/\/vosoreilles.com\/wp-content\/uploads\/2025\/07\/depistage_auditif_background-300x40.png 300w, https:\/\/vosoreilles.com\/wp-content\/uploads\/2025\/07\/depistage_auditif_background-1024x135.png 1024w, https:\/\/vosoreilles.com\/wp-content\/uploads\/2025\/07\/depistage_auditif_background-768x101.png 768w\" sizes=\"(max-width: 1488px) 100vw, 1488px\" \/>\t\t\t\t\t\t\t\t\t\t\t\t\t\t\t<\/div>\n\t\t\t\t<\/div>\n\t\t\t\t\t<\/div>\n\t\t<\/div>\n\t\t\t\t\t<\/div>\n\t\t<\/section>\n\t\t\t\t<section class=\"elementor-section elementor-top-section elementor-element elementor-element-cc55f45 elementor-section-boxed elementor-section-height-default elementor-section-height-default\" data-id=\"cc55f45\" data-element_type=\"section\" data-e-type=\"section\">\n\t\t\t\t\t\t<div class=\"elementor-container elementor-column-gap-default\">\n\t\t\t\t\t<div class=\"elementor-column elementor-col-100 elementor-top-column elementor-element elementor-element-da1293a\" data-id=\"da1293a\" data-element_type=\"column\" data-e-type=\"column\" data-settings=\"{&quot;background_background&quot;:&quot;classic&quot;}\">\n\t\t\t<div class=\"elementor-widget-wrap elementor-element-populated\">\n\t\t\t\t<div class=\"elementor-element elementor-element-010b1a2 e-con-full e-flex e-con e-parent\" data-id=\"010b1a2\" data-element_type=\"container\" data-e-type=\"container\">\n\t\t<div class=\"elementor-element elementor-element-795ba94 e-con-full e-flex e-con e-child\" data-id=\"795ba94\" data-element_type=\"container\" data-e-type=\"container\">\n\t\t\t\t<\/div>\n\t\t\t\t<\/div>\n\t\t<div class=\"elementor-element elementor-element-aede8fa e-flex e-con-boxed e-con e-parent\" data-id=\"aede8fa\" data-element_type=\"container\" data-e-type=\"container\">\n\t\t\t\t\t<div class=\"e-con-inner\">\n\t\t\t\t<div class=\"elementor-element elementor-element-8276e14 elementor-widget elementor-widget-eael-breadcrumbs\" data-id=\"8276e14\" data-element_type=\"widget\" data-e-type=\"widget\" data-widget_type=\"eael-breadcrumbs.default\">\n\t\t\t\t<div class=\"elementor-widget-container\">\n\t\t\t\t\t\t\t<div class=\"eael-breadcrumbs\">\n\t\t\t\t\t\t<div class=\"eael-breadcrumbs__prefix\">\n\t\t\t\t<a href=\"https:\/\/vosoreilles.com\/en\/\" class=\"eael-breadcrumbs__prefix-link\"><svg aria-hidden=\"true\" class=\"e-font-icon-svg e-fas-home\" viewBox=\"0 0 576 512\" xmlns=\"http:\/\/www.w3.org\/2000\/svg\"><path d=\"M280.37 148.26L96 300.11V464a16 16 0 0 0 16 16l112.06-.29a16 16 0 0 0 15.92-16V368a16 16 0 0 1 16-16h64a16 16 0 0 1 16 16v95.64a16 16 0 0 0 16 16.05L464 480a16 16 0 0 0 16-16V300L295.67 148.26a12.19 12.19 0 0 0-15.3 0zM571.6 251.47L488 182.56V44.05a12 12 0 0 0-12-12h-56a12 12 0 0 0-12 12v72.61L318.47 43a48 48 0 0 0-61 0L4.34 251.47a12 12 0 0 0-1.6 16.9l25.5 31A12 12 0 0 0 45.15 301l235.22-193.74a12.19 12.19 0 0 1 15.3 0L530.9 301a12 12 0 0 0 16.9-1.6l25.5-31a12 12 0 0 0-1.7-16.93z\"><\/path><\/svg><\/a>\t\t\t<\/a>\n\t\t\t<\/div>\n\t\t\t<div class=\"eael-breadcrumbs__content\"><a href=\"https:\/\/vosoreilles.com\/en\/\">Accueil<\/a> <span class=\"eael-breadcrumb-separator\"><svg aria-hidden=\"true\" class=\"e-font-icon-svg e-fas-angle-right\" viewBox=\"0 0 256 512\" xmlns=\"http:\/\/www.w3.org\/2000\/svg\"><path d=\"M224.3 273l-136 136c-9.4 9.4-24.6 9.4-33.9 0l-22.6-22.6c-9.4-9.4-9.4-24.6 0-33.9l96.4-96.4-96.4-96.4c-9.4-9.4-9.4-24.6 0-33.9L54.3 103c9.4-9.4 24.6-9.4 33.9 0l136 136c9.5 9.4 9.5 24.6.1 34z\"><\/path><\/svg><\/span> <span class = \"eael-current\">Page<\/span><\/div>\t\t<\/div>\n\t\t\t\t\t\t<\/div>\n\t\t\t\t<\/div>\n\t\t\t\t\t<\/div>\n\t\t\t\t<\/div>\n\t\t\t\t\t<\/div>\n\t\t<\/div>\n\t\t\t\t\t<\/div>\n\t\t<\/section>\n\t\t<div class=\"elementor-element elementor-element-f884e43 e-flex e-con-boxed e-con e-parent\" data-id=\"f884e43\" data-element_type=\"container\" data-e-type=\"container\">\n\t\t\t\t\t<div class=\"e-con-inner\">\n\t\t\t\t<div class=\"elementor-element elementor-element-9144255 elementor-grid-eael-col-3 elementor-grid-tablet-eael-col-2 elementor-grid-mobile-eael-col-1 elementor-widget elementor-widget-eael-post-grid\" data-id=\"9144255\" data-element_type=\"widget\" data-e-type=\"widget\" data-settings=\"{&quot;eael_post_grid_columns&quot;:&quot;eael-col-3&quot;,&quot;eael_post_grid_columns_tablet&quot;:&quot;eael-col-2&quot;,&quot;eael_post_grid_columns_mobile&quot;:&quot;eael-col-1&quot;}\" data-widget_type=\"eael-post-grid.default\">\n\t\t\t\t<div class=\"elementor-widget-container\">\n\t\t\t\t\t<div id=\"eael-post-grid-9144255\" class=\"eael-post-grid-container\">\n            <div class=\"eael-post-grid eael-post-appender eael-post-appender-9144255 eael-post-grid-style-two\" data-layout-mode=\"masonry\"><article class=\"eael-grid-post  eael-post-grid-column eael-pg-post-12406 category-blog-en\" data-id=\"12406\">\n    <div class=\"eael-grid-post-holder\">\n        <div class=\"eael-grid-post-holder-inner\"><div class=\"eael-entry-media\"><div class=\"eael-entry-overlay fade-in\"><i class=\"fas fa-long-arrow-alt-right\" aria-hidden=\"true\"><\/i><a href=\"https:\/\/vosoreilles.com\/en\/revolution-hearing-aid-invisible-hearing-aid-with-bluetooth\/\"><\/a><\/div><div class=\"eael-entry-thumbnail eael-image-ratio\">\n                            <img decoding=\"async\" width=\"300\" height=\"157\" src=\"https:\/\/vosoreilles.com\/wp-content\/uploads\/2026\/04\/aide-auditive-invisible-rechargeable-bluetooth-300x157.jpeg\" class=\"attachment-medium size-medium wp-image-12397\" alt=\"Aide auditive invisible et rechargeable avec connectivit\u00e9 Bluetooth\" srcset=\"https:\/\/vosoreilles.com\/wp-content\/uploads\/2026\/04\/aide-auditive-invisible-rechargeable-bluetooth-300x157.jpeg 300w, https:\/\/vosoreilles.com\/wp-content\/uploads\/2026\/04\/aide-auditive-invisible-rechargeable-bluetooth-1024x536.jpeg 1024w, https:\/\/vosoreilles.com\/wp-content\/uploads\/2026\/04\/aide-auditive-invisible-rechargeable-bluetooth-768x402.jpeg 768w, https:\/\/vosoreilles.com\/wp-content\/uploads\/2026\/04\/aide-auditive-invisible-rechargeable-bluetooth.jpeg 1200w\" sizes=\"(max-width: 300px) 100vw, 300px\" \/>\n                            <\/div>\n                    <\/div><div class=\"eael-entry-wrapper\"><header class=\"eael-entry-header\"><h3 class=\"eael-entry-title\"><a class=\"eael-grid-post-link\" href=\"https:\/\/vosoreilles.com\/en\/revolution-hearing-aid-invisible-hearing-aid-with-bluetooth\/\" title=\"A small revolution in hearing care: the invisible rechargeable hearing aid with Bluetooth\"target=\"_blank\">A small revolution in hearing care: the invisible rechargeable hearing aid with Bluetooth<\/a><\/h3><\/header><div class=\"eael-entry-header-after style-two\"><div class=\"eael-entry-meta\"><span class=\"eael-posted-on eael-meta-posted-on\"><i class=\"far fa-clock\"><\/i><time datetime=\"April 9, 2026\">April 9, 2026<\/time><\/span><\/div><\/div><div class=\"eael-entry-content\">\n                                <div class=\"eael-grid-post-excerpt\"><p>By Fran\u00e7ois Sasseville, hearing care professional. Over the years in the clinic, I&#8217;ve often heard the same thing from my patients: &#8220;I want something very discreet, Bluetooth, and rechargeable.&#8221; For...<\/p><a href=\"https:\/\/vosoreilles.com\/en\/revolution-hearing-aid-invisible-hearing-aid-with-bluetooth\/\" class=\"eael-post-elements-readmore-btn\"target=\"_blank\">Read article<\/a><\/div>\n                            <\/div><\/div><\/div>\n    <\/div>\n<\/article><article class=\"eael-grid-post  eael-post-grid-column eael-pg-post-9011 category-blog-en\" data-id=\"9011\">\n    <div class=\"eael-grid-post-holder\">\n        <div class=\"eael-grid-post-holder-inner\"><div class=\"eael-entry-media\"><div class=\"eael-entry-overlay fade-in\"><i class=\"fas fa-long-arrow-alt-right\" aria-hidden=\"true\"><\/i><a href=\"https:\/\/vosoreilles.com\/en\/why-is-hearing-health-always-put-off-until-later\/\"><\/a><\/div><div class=\"eael-entry-thumbnail eael-image-ratio\">\n                            <img decoding=\"async\" width=\"300\" height=\"115\" src=\"https:\/\/vosoreilles.com\/wp-content\/uploads\/2025\/07\/img1-eastmont-way-1-300x115.jpg\" class=\"attachment-medium size-medium wp-image-8658\" alt=\"\" srcset=\"https:\/\/vosoreilles.com\/wp-content\/uploads\/2025\/07\/img1-eastmont-way-1-300x115.jpg 300w, https:\/\/vosoreilles.com\/wp-content\/uploads\/2025\/07\/img1-eastmont-way-1-1024x391.jpg 1024w, https:\/\/vosoreilles.com\/wp-content\/uploads\/2025\/07\/img1-eastmont-way-1-768x293.jpg 768w, https:\/\/vosoreilles.com\/wp-content\/uploads\/2025\/07\/img1-eastmont-way-1.jpg 1200w\" sizes=\"(max-width: 300px) 100vw, 300px\" \/>\n                            <\/div>\n                    <\/div><div class=\"eael-entry-wrapper\"><header class=\"eael-entry-header\"><h3 class=\"eael-entry-title\"><a class=\"eael-grid-post-link\" href=\"https:\/\/vosoreilles.com\/en\/why-is-hearing-health-always-put-off-until-later\/\" title=\"Why is hearing health always put off until later?\"target=\"_blank\">Why is hearing health always put off until later?<\/a><\/h3><\/header><div class=\"eael-entry-header-after style-two\"><div class=\"eael-entry-meta\"><span class=\"eael-posted-on eael-meta-posted-on\"><i class=\"far fa-clock\"><\/i><time datetime=\"August 29, 2025\">August 29, 2025<\/time><\/span><\/div><\/div><div class=\"eael-entry-content\">\n                                <div class=\"eael-grid-post-excerpt\"><p>I&#8217;ve been in the business for a while and I still can&#8217;t believe it! Why wait so long? Hearing loss brings with it very real difficulties: isolation, frustration, professional difficulties,...<\/p><a href=\"https:\/\/vosoreilles.com\/en\/why-is-hearing-health-always-put-off-until-later\/\" class=\"eael-post-elements-readmore-btn\"target=\"_blank\">Read article<\/a><\/div>\n                            <\/div><\/div><\/div>\n    <\/div>\n<\/article><article class=\"eael-grid-post  eael-post-grid-column eael-pg-post-8614 category-blog-en\" data-id=\"8614\">\n    <div class=\"eael-grid-post-holder\">\n        <div class=\"eael-grid-post-holder-inner\"><div class=\"eael-entry-media\"><div class=\"eael-entry-overlay fade-in\"><i class=\"fas fa-long-arrow-alt-right\" aria-hidden=\"true\"><\/i><a href=\"https:\/\/vosoreilles.com\/en\/hearing-aids-an-investment-to-improve-your-quality-of-life\/\"><\/a><\/div><div class=\"eael-entry-thumbnail eael-image-ratio\">\n                            <img loading=\"lazy\" decoding=\"async\" width=\"300\" height=\"199\" src=\"https:\/\/vosoreilles.com\/wp-content\/uploads\/2025\/12\/iStock_000015142796Large-1-1536x1018-1-300x199.jpg\" class=\"attachment-medium size-medium wp-image-11735\" alt=\"\" srcset=\"https:\/\/vosoreilles.com\/wp-content\/uploads\/2025\/12\/iStock_000015142796Large-1-1536x1018-1-300x199.jpg 300w, https:\/\/vosoreilles.com\/wp-content\/uploads\/2025\/12\/iStock_000015142796Large-1-1536x1018-1-1024x679.jpg 1024w, https:\/\/vosoreilles.com\/wp-content\/uploads\/2025\/12\/iStock_000015142796Large-1-1536x1018-1-768x509.jpg 768w, https:\/\/vosoreilles.com\/wp-content\/uploads\/2025\/12\/iStock_000015142796Large-1-1536x1018-1-800x530.jpg 800w, https:\/\/vosoreilles.com\/wp-content\/uploads\/2025\/12\/iStock_000015142796Large-1-1536x1018-1.jpg 1536w\" sizes=\"(max-width: 300px) 100vw, 300px\" \/>\n                            <\/div>\n                    <\/div><div class=\"eael-entry-wrapper\"><header class=\"eael-entry-header\"><h3 class=\"eael-entry-title\"><a class=\"eael-grid-post-link\" href=\"https:\/\/vosoreilles.com\/en\/hearing-aids-an-investment-to-improve-your-quality-of-life\/\" title=\"Hearing aids: an investment to improve your quality of life!\"target=\"_blank\">Hearing aids: an investment to improve your quality of life!<\/a><\/h3><\/header><div class=\"eael-entry-header-after style-two\"><div class=\"eael-entry-meta\"><span class=\"eael-posted-on eael-meta-posted-on\"><i class=\"far fa-clock\"><\/i><time datetime=\"July 10, 2025\">July 10, 2025<\/time><\/span><\/div><\/div><div class=\"eael-entry-content\">\n                                <div class=\"eael-grid-post-excerpt\"><p>Hearing aids are a real solution for improving the living comfort of people with hearing problems. By allowing them to hear better and fully integrate into their environment, they offer...<\/p><a href=\"https:\/\/vosoreilles.com\/en\/hearing-aids-an-investment-to-improve-your-quality-of-life\/\" class=\"eael-post-elements-readmore-btn\"target=\"_blank\">Read article<\/a><\/div>\n                            <\/div><\/div><\/div>\n    <\/div>\n<\/article><\/div>\n            <div class=\"clearfix\"><\/div>\n        <\/div>\t\t\t\t<\/div>\n\t\t\t\t<\/div>\n\t\t\t\t<div class=\"elementor-element elementor-element-ffe4354 elementor-widget elementor-widget-html\" data-id=\"ffe4354\" data-element_type=\"widget\" data-e-type=\"widget\" data-widget_type=\"html.default\">\n\t\t\t\t<div class=\"elementor-widget-container\">\n\t\t\t\t\t<script>document.addEventListener('DOMContentLoaded', function() {\r\n\t\tdocument.querySelectorAll('.eael-grid-post-excerpt p').forEach(function(p) {\r\n\t\t\tp.textContent = p.textContent.replace(\/^(Accueil Blog|Home Blog)\\s*\/i, '');\r\n\t\t});\r\n\t});\r\n<\/script>\t\t\t\t<\/div>\n\t\t\t\t<\/div>\n\t\t\t\t\t<\/div>\n\t\t\t\t<\/div>\n\t\t<div class=\"elementor-element elementor-element-e4a9d79 e-flex e-con-boxed e-con e-parent\" data-id=\"e4a9d79\" data-element_type=\"container\" data-e-type=\"container\">\n\t\t\t\t\t<div class=\"e-con-inner\">\n\t\t\t\t<div class=\"elementor-element elementor-element-d1056cd elementor-widget elementor-widget-template\" data-id=\"d1056cd\" data-element_type=\"widget\" data-e-type=\"widget\" data-widget_type=\"template.default\">\n\t\t\t\t<div class=\"elementor-widget-container\">\n\t\t\t\t\t\t\t<div class=\"elementor-template\">\n\t\t\t\t\t<div data-elementor-type=\"container\" data-elementor-id=\"11276\" class=\"elementor elementor-11276\" data-elementor-post-type=\"elementor_library\">\n\t\t\t\t<div class=\"elementor-element elementor-element-287e6095 e-con-full e-flex e-con e-parent\" data-id=\"287e6095\" data-element_type=\"container\" data-e-type=\"container\" data-settings=\"{&quot;background_background&quot;:&quot;classic&quot;}\">\n\t\t<div class=\"elementor-element elementor-element-729365eb e-flex e-con-boxed e-con e-child\" data-id=\"729365eb\" data-element_type=\"container\" data-e-type=\"container\">\n\t\t\t\t\t<div class=\"e-con-inner\">\n\t\t<div class=\"elementor-element elementor-element-12447e e-con-full e-flex e-con e-child\" data-id=\"12447e\" data-element_type=\"container\" data-e-type=\"container\" data-settings=\"{&quot;background_background&quot;:&quot;classic&quot;}\">\n\t\t\t\t<div class=\"elementor-element elementor-element-6c8f39c elementor-widget__width-initial elementor-widget-tablet__width-inherit elementor-widget elementor-widget-heading\" data-id=\"6c8f39c\" data-element_type=\"widget\" data-e-type=\"widget\" data-widget_type=\"heading.default\">\n\t\t\t\t<div class=\"elementor-widget-container\">\n\t\t\t\t\t<h3 class=\"elementor-heading-title elementor-size-default\">Planifiez votre premi\u00e8re consultation gratuite!<\/h3>\t\t\t\t<\/div>\n\t\t\t\t<\/div>\n\t\t\t\t<div class=\"elementor-element elementor-element-412f5091 elementor-widget__width-initial elementor-widget-tablet__width-inherit elementor-widget elementor-widget-text-editor\" data-id=\"412f5091\" data-element_type=\"widget\" data-e-type=\"widget\" data-widget_type=\"text-editor.default\">\n\t\t\t\t<div class=\"elementor-widget-container\">\n\t\t\t\t\t\t\t\t\t<p>Vous avez des questions ou d\u00e9sirez simplement parler de vos difficult\u00e9s auditives avec un professionnel de la sant\u00e9 auditive? Prenez rendez-vous maintenant. Cette offre sans frais\u00a0 est disponible en tout temps et ne n\u00e9cessite aucune r\u00e9f\u00e9rence m\u00e9dicale.<\/p>\t\t\t\t\t\t\t\t<\/div>\n\t\t\t\t<\/div>\n\t\t\t\t<div class=\"elementor-element elementor-element-77941243 elementor-tablet-align-center elementor-widget-tablet__width-inherit elementor-widget elementor-widget-button\" data-id=\"77941243\" data-element_type=\"widget\" data-e-type=\"widget\" data-widget_type=\"button.default\">\n\t\t\t\t<div class=\"elementor-widget-container\">\n\t\t\t\t\t\t\t\t\t<div class=\"elementor-button-wrapper\">\n\t\t\t\t\t<a class=\"elementor-button elementor-button-link elementor-size-sm\" href=\"\/contact\/\">\n\t\t\t\t\t\t<span class=\"elementor-button-content-wrapper\">\n\t\t\t\t\t\t\t\t\t<span class=\"elementor-button-text\">Cliquez ici pour planifier votre consultation<\/span>\n\t\t\t\t\t<\/span>\n\t\t\t\t\t<\/a>\n\t\t\t\t<\/div>\n\t\t\t\t\t\t\t\t<\/div>\n\t\t\t\t<\/div>\n\t\t\t\t<\/div>\n\t\t<div class=\"elementor-element elementor-element-7e712329 e-con-full e-flex e-con e-child\" data-id=\"7e712329\" data-element_type=\"container\" data-e-type=\"container\">\n\t\t<div class=\"elementor-element elementor-element-2330a13a e-con-full e-flex e-con e-child\" data-id=\"2330a13a\" data-element_type=\"container\" data-e-type=\"container\" data-settings=\"{&quot;background_background&quot;:&quot;classic&quot;}\">\n\t\t\t\t<div class=\"elementor-element elementor-element-343ececf elementor-widget elementor-widget-heading\" data-id=\"343ececf\" data-element_type=\"widget\" data-e-type=\"widget\" data-widget_type=\"heading.default\">\n\t\t\t\t<div class=\"elementor-widget-container\">\n\t\t\t\t\t<h4 class=\"elementor-heading-title elementor-size-default\">Testez votre audition en ligne<\/h4>\t\t\t\t<\/div>\n\t\t\t\t<\/div>\n\t\t\t\t<div class=\"elementor-element elementor-element-666595ec elementor-widget elementor-widget-text-editor\" data-id=\"666595ec\" data-element_type=\"widget\" data-e-type=\"widget\" data-widget_type=\"text-editor.default\">\n\t\t\t\t<div class=\"elementor-widget-container\">\n\t\t\t\t\t\t\t\t\t<p>Utilisez l\u2019un de nos deux outils pour d\u00e9tecter les premiers signes de la perte auditive.<\/p>\t\t\t\t\t\t\t\t<\/div>\n\t\t\t\t<\/div>\n\t\t\t\t<div class=\"elementor-element elementor-element-7e0861c7 elementor-widget elementor-widget-button\" data-id=\"7e0861c7\" data-element_type=\"widget\" data-e-type=\"widget\" data-widget_type=\"button.default\">\n\t\t\t\t<div class=\"elementor-widget-container\">\n\t\t\t\t\t\t\t\t\t<div class=\"elementor-button-wrapper\">\n\t\t\t\t\t<a class=\"elementor-button elementor-button-link elementor-size-sm\" href=\"\/outils-en-ligne\/\">\n\t\t\t\t\t\t<span class=\"elementor-button-content-wrapper\">\n\t\t\t\t\t\t\t\t\t<span class=\"elementor-button-text\">Cliquez ici pour voir nos tests<\/span>\n\t\t\t\t\t<\/span>\n\t\t\t\t\t<\/a>\n\t\t\t\t<\/div>\n\t\t\t\t\t\t\t\t<\/div>\n\t\t\t\t<\/div>\n\t\t\t\t<\/div>\n\t\t<div class=\"elementor-element elementor-element-7fb02388 e-con-full e-flex e-con e-child\" data-id=\"7fb02388\" data-element_type=\"container\" data-e-type=\"container\" data-settings=\"{&quot;background_background&quot;:&quot;classic&quot;}\">\n\t\t\t\t<div class=\"elementor-element elementor-element-5857f02b elementor-view-default elementor-widget elementor-widget-icon\" data-id=\"5857f02b\" data-element_type=\"widget\" data-e-type=\"widget\" data-widget_type=\"icon.default\">\n\t\t\t\t<div class=\"elementor-widget-container\">\n\t\t\t\t\t\t\t<div class=\"elementor-icon-wrapper\">\n\t\t\t<div class=\"elementor-icon\">\n\t\t\t<svg xmlns=\"http:\/\/www.w3.org\/2000\/svg\" width=\"56\" height=\"56\" viewBox=\"0 0 56 56\" fill=\"none\"><rect width=\"56\" height=\"56\" rx=\"8\" fill=\"#143054\"><\/rect><g clip-path=\"url(#clip0_2826_2712)\"><path opacity=\"0.4\" d=\"M9 24.0312C9 28.0178 10.5836 31.841 13.4026 34.6599C16.2215 37.4789 20.0447 39.0625 24.0312 39.0625C28.0178 39.0625 31.841 37.4789 34.6599 34.6599C37.4789 31.841 39.0625 28.0178 39.0625 24.0312C39.0625 20.0447 37.4789 16.2215 34.6599 13.4026C31.841 10.5836 28.0178 9 24.0312 9C20.0447 9 16.2215 10.5836 13.4026 13.4026C10.5836 16.2215 9 20.0447 9 24.0312ZM18.25 21.7188C18.25 18.5246 20.8371 15.9375 24.0312 15.9375C27.2254 15.9375 29.8125 18.5246 29.8125 21.7188C29.8125 25.2453 26.4521 29.7836 24.8551 31.7348C24.4215 32.2623 23.641 32.2623 23.2146 31.7348C21.6104 29.7836 18.25 25.2453 18.25 21.7188Z\" fill=\"white\"><\/path><path d=\"M29.8125 21.7188C29.8125 25.2453 26.4521 29.7836 24.8551 31.7348C24.4215 32.2623 23.641 32.2623 23.2146 31.7348C21.6104 29.7836 18.25 25.2453 18.25 21.7188C18.25 18.5246 20.8371 15.9375 24.0313 15.9375C27.2254 15.9375 29.8125 18.5246 29.8125 21.7188ZM26.3438 21.7188C26.3438 21.1054 26.1001 20.5172 25.6664 20.0836C25.2328 19.6499 24.6446 19.4063 24.0313 19.4063C23.4179 19.4063 22.8297 19.6499 22.3961 20.0836C21.9624 20.5172 21.7188 21.1054 21.7188 21.7188C21.7188 22.3321 21.9624 22.9203 22.3961 23.3539C22.8297 23.7876 23.4179 24.0313 24.0313 24.0313C24.6446 24.0313 25.2328 23.7876 25.6664 23.3539C26.1001 22.9203 26.3438 22.3321 26.3438 21.7188ZM32.8982 36.1719C34.1484 35.2541 35.2541 34.1484 36.1719 32.8982L45.3207 42.0543C46.224 42.9576 46.224 44.4246 45.3207 45.3279C44.4174 46.2313 42.9504 46.2313 42.0471 45.3279L32.8982 36.1719Z\" fill=\"white\"><\/path><\/g><defs><clipPath id=\"clip0_2826_2712\"><rect width=\"37\" height=\"37\" fill=\"white\" transform=\"translate(9 9)\"><\/rect><\/clipPath><\/defs><\/svg>\t\t\t<\/div>\n\t\t<\/div>\n\t\t\t\t\t\t<\/div>\n\t\t\t\t<\/div>\n\t\t\t\t<div class=\"elementor-element elementor-element-2cf25354 elementor-widget elementor-widget-heading\" data-id=\"2cf25354\" data-element_type=\"widget\" data-e-type=\"widget\" data-widget_type=\"heading.default\">\n\t\t\t\t<div class=\"elementor-widget-container\">\n\t\t\t\t\t<h4 class=\"elementor-heading-title elementor-size-default\">Trouvez une clinique auditive ou un point de service pr\u00e8s de chez vous<\/h4>\t\t\t\t<\/div>\n\t\t\t\t<\/div>\n\t\t\t\t<div class=\"elementor-element elementor-element-4abf1214 elementor-widget elementor-widget-text-editor\" data-id=\"4abf1214\" data-element_type=\"widget\" data-e-type=\"widget\" data-widget_type=\"text-editor.default\">\n\t\t\t\t<div class=\"elementor-widget-container\">\n\t\t\t\t\t\t\t\t\t<p>Consultez notre r\u00e9pertoire afin de trouver une clinique ou un point de service pr\u00e8s de chez\u00a0vous!<\/p>\t\t\t\t\t\t\t\t<\/div>\n\t\t\t\t<\/div>\n\t\t\t\t<div class=\"elementor-element elementor-element-19aeeba5 elementor-align-left elementor-widget elementor-widget-button\" data-id=\"19aeeba5\" data-element_type=\"widget\" data-e-type=\"widget\" data-widget_type=\"button.default\">\n\t\t\t\t<div class=\"elementor-widget-container\">\n\t\t\t\t\t\t\t\t\t<div class=\"elementor-button-wrapper\">\n\t\t\t\t\t<a class=\"elementor-button elementor-button-link elementor-size-sm\" href=\"\/contact\/#trouver-une-clinique\/\">\n\t\t\t\t\t\t<span class=\"elementor-button-content-wrapper\">\n\t\t\t\t\t\t\t\t\t<span class=\"elementor-button-text\">cliquez ici pour trouver une clinique<\/span>\n\t\t\t\t\t<\/span>\n\t\t\t\t\t<\/a>\n\t\t\t\t<\/div>\n\t\t\t\t\t\t\t\t<\/div>\n\t\t\t\t<\/div>\n\t\t\t\t<\/div>\n\t\t\t\t<\/div>\n\t\t\t\t\t<\/div>\n\t\t\t\t<\/div>\n\t\t\t\t<\/div>\n\t\t\t\t<\/div>\n\t\t\t\t<\/div>\n\t\t\t\t\t\t<\/div>\n\t\t\t\t<\/div>\n\t\t\t\t\t<\/div>\n\t\t\t\t<\/div>\n\t\t\t\t<\/div>\n\t\t","protected":false},"excerpt":{"rendered":"<p>Accueil Page Pourquoi remet-on toujours la sant\u00e9 auditive \u00e0 plus tard? ao\u00fbt 29, 2025 Pourquoi remet-on toujours la sant\u00e9 auditive \u00e0 plus tard? Pourquoi remet-on toujours la sant\u00e9 auditive \u00e0 plus tard? Je suis dans le m\u00e9tier depuis un certain temps et je n&rsquo;en&#8230; Read article Les proth\u00e8ses auditives : un investissement pour am\u00e9liorer votre <\/p>\n","protected":false},"author":7,"featured_media":0,"parent":0,"menu_order":0,"comment_status":"closed","ping_status":"closed","template":"","meta":{"_acf_changed":false,"inline_featured_image":false,"footnotes":""},"class_list":["post-7690","page","type-page","status-publish","hentry"],"acf":[],"_links":{"self":[{"href":"https:\/\/vosoreilles.com\/en\/wp-json\/wp\/v2\/pages\/7690","targetHints":{"allow":["GET"]}}],"collection":[{"href":"https:\/\/vosoreilles.com\/en\/wp-json\/wp\/v2\/pages"}],"about":[{"href":"https:\/\/vosoreilles.com\/en\/wp-json\/wp\/v2\/types\/page"}],"author":[{"embeddable":true,"href":"https:\/\/vosoreilles.com\/en\/wp-json\/wp\/v2\/users\/7"}],"replies":[{"embeddable":true,"href":"https:\/\/vosoreilles.com\/en\/wp-json\/wp\/v2\/comments?post=7690"}],"version-history":[{"count":24,"href":"https:\/\/vosoreilles.com\/en\/wp-json\/wp\/v2\/pages\/7690\/revisions"}],"predecessor-version":[{"id":12332,"href":"https:\/\/vosoreilles.com\/en\/wp-json\/wp\/v2\/pages\/7690\/revisions\/12332"}],"wp:attachment":[{"href":"https:\/\/vosoreilles.com\/en\/wp-json\/wp\/v2\/media?parent=7690"}],"curies":[{"name":"wp","href":"https:\/\/api.w.org\/{rel}","templated":true}]}}